{"id":1961,"date":"2021-07-21T11:37:00","date_gmt":"2021-07-21T09:37:00","guid":{"rendered":"https:\/\/webdevconsulting.fr\/projet1\/?page_id=1961"},"modified":"2024-05-02T16:07:59","modified_gmt":"2024-05-02T14:07:59","slug":"aides-gouvernementales-chauffage","status":"publish","type":"page","link":"https:\/\/atcbernard.fr\/?page_id=1961","title":{"rendered":"Aides gouvernementales et autres"},"content":{"rendered":"<p>[vc_row][vc_column][vc_column_text]<\/p>\r\n<h2 class=\"wp-block-heading\">Ma prime R\u00e9nov<\/h2>\r\n<p style=\"text-align: justify;\"><\/p>\r\n<p>Une aide gouvernementale pour la r\u00e9novation \u00e9nerg\u00e9tique ouverte \u00e0 tous.<\/p>\r\n<p>Lanc\u00e9e le 1<sup>er<\/sup>\u00a0janvier 2020, MaPrimeR\u00e9nov\u2019 remplace le cr\u00e9dit d\u2019imp\u00f4t pour la transition \u00e9nerg\u00e9tique (CITE) et les aides de l\u2019<a title=\"\u00ab anah.fr \u00bb dans une nouvelle fen\u00eatre\" href=\"https:\/\/www.anah.fr\/\" target=\"_blank\" rel=\"noopener\">Agence nationale de l\u2019Habitat (Anah)<\/a>\u00a0\u00ab Habiter Mieux Agilit\u00e9 \u00bb. \u00c0 la fin de l\u2019ann\u00e9e 2020, plus de 190 000 demandes d\u2019aide ont \u00e9t\u00e9 d\u00e9pos\u00e9es, dont 140 000 accord\u00e9es par l\u2019Anah. En 2021, 644 073 demandes d\u2019aide ont \u00e9t\u00e9 accord\u00e9es par l\u2019Anah.<\/p>\r\n<p>Depuis le 1<sup>er<\/sup>\u00a0octobre 2020, MaPrimeR\u00e9nov\u2019 est accessible \u00e0 l\u2019ensemble des propri\u00e9taires, quels que soient leurs revenus, qu\u2019ils occupent leur logement ou qu\u2019ils le mettent en location. Ainsi les travaux faisant l\u2019objet d\u2019un devis \u00e0 compter du 1er octobre seront \u00e9ligibles aux nouvelles modalit\u00e9s de l\u2019aide. Les propri\u00e9taires bailleurs peuvent d\u00e9poser leur dossier de demande d\u2019aide depuis le 1er juillet 2021.<\/p>\r\n<p><strong>Depuis le 1<sup>er<\/sup>\u00a0janvier 2022<\/strong>, MaPrimeR\u00e9vov\u2019 est r\u00e9serv\u00e9e aux\u00a0<strong>logements construits depuis au moins 15 ans<\/strong>, afin de renforcer la r\u00e9novation des logements anciens. Toutefois, il demeure possible de b\u00e9n\u00e9ficier de MaPrimeR\u00e9nov\u2019 pour tous les logements construits depuis plus de deux ans pour le changement d\u2019une chaudi\u00e8re fonctionnant au fioul.<\/p>\r\n<p><strong>Afin de savoir \u00e0 quelles aides et pour quel montant vous \u00eates \u00e9ligibles<\/strong>, vous pouvez utiliser le simulateur public :\u00a0<a title=\"\u00ab faire.gouv.fr \u00bb dans une nouvelle fen\u00eatre\" href=\"https:\/\/www.faire.gouv.fr\/aides-de-financement\/simulaides\" target=\"_blank\" rel=\"noopener\">Simul\u2019aides.<\/a><\/p>\r\n<!-- \/wp:post-content -->\r\n<p>&nbsp;<\/p>\r\n<!-- wp:heading -->\r\n<h2>CEE\u00a0: Certificats d\u2019Economie d\u2019Energie (Aides des fournisseurs d\u2019\u00e9nergie)<\/h2>\r\n<p style=\"text-align: justify;\"><!-- \/wp:heading --><\/p>\r\n<p style=\"text-align: justify;\"><!-- wp:paragraph -->Cette prime permet de prendre en charge vos d\u00e9penses suite au remplacement de votre syst\u00e8me de chauffage. Cette aide ne peut \u00eatre attribu\u00e9e que par les entreprises ayant adh\u00e9r\u00e9 \u00e0 la charte Coup de Pouce Chauffage. Pour b\u00e9n\u00e9ficier de cette aide gouvernementale vous devrez faire r\u00e9aliser vos travaux par un professionnel certifi\u00e9 RGE (reconnu garant de l&rsquo;environnement).<\/p>\r\n<p>&nbsp;<\/p>\r\n<p style=\"text-align: justify;\"><!-- \/wp:paragraph --><\/p>\r\n<!-- wp:paragraph \/-->\r\n<h2>Accompagnement Entreprise<\/h2>\r\n<p>ATC BERNARD, en partenariat avec la Caisse d\u2019Epargne, est en mesure de vous proposer un paiement en 3 ou 4 mensualit\u00e9s pour des prestations comprises entre 100 \u20ac TTC et 3000 \u20ac TTC .(Acceptation du dossier par la banque en quelques heures ).Contacter la Soci\u00e9t\u00e9 pour les conditions de mise en place.<\/p>\r\n<p>Dans le cadre du processus d\u2019obtention de \u00ab Ma Prime Renov \u00bb, ATC Bernard a obtenu la qualification de mandataire \u00ab Ma Prime Renov \u00bb en liaison avec SOLIHA et peut donc vous proposer de prendre en charge la partie administrative ou \u00a0l\u2019ensemble de votre dossier (partie administrative et financiere) pour la d\u00e9termination et l\u2019obtention du montant de Ma Prime Renov \u00a0.Ceci vous permettra d\u2019all\u00e9ger les d\u00e9marches administratives n\u00e9cessaires.<\/p>\r\n<p>[\/vc_column_text][\/vc_column][\/vc_row][vc_row][vc_column cmt_textcolor=\u00a0\u00bbskincolor\u00a0\u00bb width=\u00a0\u00bb1\/2&Prime;][vc_btn title=\u00a0\u00bbEn savoir plus\u00a0\u00bb color=\u00a0\u00bbwarning\u00a0\u00bb size=\u00a0\u00bblg\u00a0\u00bb link=\u00a0\u00bburl:https%3A%2F%2Fwww.service-public.fr%2Fparticuliers%2Fvosdroits%2FN321&Prime;][\/vc_column][vc_column width=\u00a0\u00bb1\/2&Prime;][\/vc_column][\/vc_row]<\/p>","protected":false},"excerpt":{"rendered":"<p>[vc_row][vc_column][vc_column_text] Ma prime R\u00e9nov Une aide gouvernementale pour la r\u00e9novation \u00e9nerg\u00e9tique ouverte \u00e0 tous. Lanc\u00e9e le 1er\u00a0janvier 2020, MaPrimeR\u00e9nov\u2019 remplace le cr\u00e9dit d\u2019imp\u00f4t pour la transition \u00e9nerg\u00e9tique (CITE) et les aides de l\u2019Agence nationale de l\u2019Habitat (Anah)\u00a0\u00ab Habiter Mieux Agilit\u00e9 \u00bb. \u00c0 la fin de l\u2019ann\u00e9e 2020, plus de 190 000 demandes d\u2019aide ont \u00e9t\u00e9 &hellip; <a href=\"https:\/\/atcbernard.fr\/?page_id=1961\" class=\"more-link\">Continue reading <span class=\"screen-reader-text\">Aides gouvernementales et autres<\/span><\/a><\/p>\n","protected":false},"author":1,"featured_media":0,"parent":0,"menu_order":0,"comment_status":"closed","ping_status":"closed","template":"","meta":{"footnotes":""},"class_list":["post-1961","page","type-page","status-publish","hentry"],"yoast_head":"<!-- This site is optimized with the Yoast SEO plugin v26.6 - https:\/\/yoast.com\/wordpress\/plugins\/seo\/ -->\n<title>Aides gouvernementales et autres - ATC-Bernard angouleme chauffage<\/title>\n<meta name=\"description\" content=\"Les aides gouvernementales dont vous pouvez b\u00e9n\u00e9ficier. Obtenez un devis gratuit en ligne pour l&#039;installation d&#039;un nouveau mat\u00e9riel.\" \/>\n<meta name=\"robots\" content=\"index, follow, max-snippet:-1, max-image-preview:large, max-video-preview:-1\" \/>\n<link rel=\"canonical\" href=\"https:\/\/atcbernard.fr\/?page_id=1961\" \/>\n<meta property=\"og:locale\" content=\"fr_FR\" \/>\n<meta property=\"og:type\" content=\"article\" \/>\n<meta property=\"og:title\" content=\"Aides gouvernementales et autres - ATC-Bernard angouleme chauffage\" \/>\n<meta property=\"og:description\" content=\"Les aides gouvernementales dont vous pouvez b\u00e9n\u00e9ficier. Obtenez un devis gratuit en ligne pour l&#039;installation d&#039;un nouveau mat\u00e9riel.\" \/>\n<meta property=\"og:url\" content=\"https:\/\/atcbernard.fr\/?page_id=1961\" \/>\n<meta property=\"og:site_name\" content=\"ATC-Bernard\" \/>\n<meta property=\"article:modified_time\" content=\"2024-05-02T14:07:59+00:00\" \/>\n<meta name=\"twitter:card\" content=\"summary_large_image\" \/>\n<meta name=\"twitter:label1\" content=\"Dur\u00e9e de lecture estim\u00e9e\" \/>\n\t<meta name=\"twitter:data1\" content=\"3 minutes\" \/>\n<script type=\"application\/ld+json\" class=\"yoast-schema-graph\">{\"@context\":\"https:\/\/schema.org\",\"@graph\":[{\"@type\":\"WebPage\",\"@id\":\"https:\/\/atcbernard.fr\/?page_id=1961\",\"url\":\"https:\/\/atcbernard.fr\/?page_id=1961\",\"name\":\"Aides gouvernementales et autres - ATC-Bernard angouleme chauffage\",\"isPartOf\":{\"@id\":\"https:\/\/atcbernard.fr\/#website\"},\"datePublished\":\"2021-07-21T09:37:00+00:00\",\"dateModified\":\"2024-05-02T14:07:59+00:00\",\"description\":\"Les aides gouvernementales dont vous pouvez b\u00e9n\u00e9ficier. Obtenez un devis gratuit en ligne pour l'installation d'un nouveau mat\u00e9riel.\",\"breadcrumb\":{\"@id\":\"https:\/\/atcbernard.fr\/?page_id=1961#breadcrumb\"},\"inLanguage\":\"fr-FR\",\"potentialAction\":[{\"@type\":\"ReadAction\",\"target\":[\"https:\/\/atcbernard.fr\/?page_id=1961\"]}]},{\"@type\":\"BreadcrumbList\",\"@id\":\"https:\/\/atcbernard.fr\/?page_id=1961#breadcrumb\",\"itemListElement\":[{\"@type\":\"ListItem\",\"position\":1,\"name\":\"Accueil\",\"item\":\"https:\/\/atcbernard.fr\/\"},{\"@type\":\"ListItem\",\"position\":2,\"name\":\"Aides gouvernementales et autres\"}]},{\"@type\":\"WebSite\",\"@id\":\"https:\/\/atcbernard.fr\/#website\",\"url\":\"https:\/\/atcbernard.fr\/\",\"name\":\"ATC-Bernard\",\"description\":\"Votre professionnel\",\"potentialAction\":[{\"@type\":\"SearchAction\",\"target\":{\"@type\":\"EntryPoint\",\"urlTemplate\":\"https:\/\/atcbernard.fr\/?s={search_term_string}\"},\"query-input\":{\"@type\":\"PropertyValueSpecification\",\"valueRequired\":true,\"valueName\":\"search_term_string\"}}],\"inLanguage\":\"fr-FR\"}]}<\/script>\n<!-- \/ Yoast SEO plugin. -->","yoast_head_json":{"title":"Aides gouvernementales et autres - ATC-Bernard angouleme chauffage","description":"Les aides gouvernementales dont vous pouvez b\u00e9n\u00e9ficier. Obtenez un devis gratuit en ligne pour l'installation d'un nouveau mat\u00e9riel.","robots":{"index":"index","follow":"follow","max-snippet":"max-snippet:-1","max-image-preview":"max-image-preview:large","max-video-preview":"max-video-preview:-1"},"canonical":"https:\/\/atcbernard.fr\/?page_id=1961","og_locale":"fr_FR","og_type":"article","og_title":"Aides gouvernementales et autres - ATC-Bernard angouleme chauffage","og_description":"Les aides gouvernementales dont vous pouvez b\u00e9n\u00e9ficier. Obtenez un devis gratuit en ligne pour l'installation d'un nouveau mat\u00e9riel.","og_url":"https:\/\/atcbernard.fr\/?page_id=1961","og_site_name":"ATC-Bernard","article_modified_time":"2024-05-02T14:07:59+00:00","twitter_card":"summary_large_image","twitter_misc":{"Dur\u00e9e de lecture estim\u00e9e":"3 minutes"},"schema":{"@context":"https:\/\/schema.org","@graph":[{"@type":"WebPage","@id":"https:\/\/atcbernard.fr\/?page_id=1961","url":"https:\/\/atcbernard.fr\/?page_id=1961","name":"Aides gouvernementales et autres - ATC-Bernard angouleme chauffage","isPartOf":{"@id":"https:\/\/atcbernard.fr\/#website"},"datePublished":"2021-07-21T09:37:00+00:00","dateModified":"2024-05-02T14:07:59+00:00","description":"Les aides gouvernementales dont vous pouvez b\u00e9n\u00e9ficier. Obtenez un devis gratuit en ligne pour l'installation d'un nouveau mat\u00e9riel.","breadcrumb":{"@id":"https:\/\/atcbernard.fr\/?page_id=1961#breadcrumb"},"inLanguage":"fr-FR","potentialAction":[{"@type":"ReadAction","target":["https:\/\/atcbernard.fr\/?page_id=1961"]}]},{"@type":"BreadcrumbList","@id":"https:\/\/atcbernard.fr\/?page_id=1961#breadcrumb","itemListElement":[{"@type":"ListItem","position":1,"name":"Accueil","item":"https:\/\/atcbernard.fr\/"},{"@type":"ListItem","position":2,"name":"Aides gouvernementales et autres"}]},{"@type":"WebSite","@id":"https:\/\/atcbernard.fr\/#website","url":"https:\/\/atcbernard.fr\/","name":"ATC-Bernard","description":"Votre professionnel","potentialAction":[{"@type":"SearchAction","target":{"@type":"EntryPoint","urlTemplate":"https:\/\/atcbernard.fr\/?s={search_term_string}"},"query-input":{"@type":"PropertyValueSpecification","valueRequired":true,"valueName":"search_term_string"}}],"inLanguage":"fr-FR"}]}},"_links":{"self":[{"href":"https:\/\/atcbernard.fr\/index.php?rest_route=\/wp\/v2\/pages\/1961","targetHints":{"allow":["GET"]}}],"collection":[{"href":"https:\/\/atcbernard.fr\/index.php?rest_route=\/wp\/v2\/pages"}],"about":[{"href":"https:\/\/atcbernard.fr\/index.php?rest_route=\/wp\/v2\/types\/page"}],"author":[{"embeddable":true,"href":"https:\/\/atcbernard.fr\/index.php?rest_route=\/wp\/v2\/users\/1"}],"replies":[{"embeddable":true,"href":"https:\/\/atcbernard.fr\/index.php?rest_route=%2Fwp%2Fv2%2Fcomments&post=1961"}],"version-history":[{"count":17,"href":"https:\/\/atcbernard.fr\/index.php?rest_route=\/wp\/v2\/pages\/1961\/revisions"}],"predecessor-version":[{"id":2281,"href":"https:\/\/atcbernard.fr\/index.php?rest_route=\/wp\/v2\/pages\/1961\/revisions\/2281"}],"wp:attachment":[{"href":"https:\/\/atcbernard.fr\/index.php?rest_route=%2Fwp%2Fv2%2Fmedia&parent=1961"}],"curies":[{"name":"wp","href":"https:\/\/api.w.org\/{rel}","templated":true}]}}