{"id":1963,"date":"2021-07-21T11:40:23","date_gmt":"2021-07-21T09:40:23","guid":{"rendered":"https:\/\/webdevconsulting.fr\/projet1\/?page_id=1963"},"modified":"2025-11-06T11:09:52","modified_gmt":"2025-11-06T10:09:52","slug":"promotions-atc-angouleme","status":"publish","type":"page","link":"https:\/\/atcbernard.fr\/?page_id=1963","title":{"rendered":"Promotions"},"content":{"rendered":"<p>[vc_row][vc_column]<div class=\"cmt-element-heading-wrapper cmt-sboxheading-inner cmt-sboxelement-align-left cmt-seperator-none cmt-sboxheading-style-vertical \"><section class=\"cmt-sboxvc_cta3-container\"><div class=\"cmt-vc_general cmt-sboxvc_cta3 cmt-sboxcta3-only cmt-sboxvc_cta3-style-classic cmt-sboxvc_cta3-shape-rounded cmt-sboxvc_cta3-align-left cmt-sboxvc_cta3-color-transparent cmt-sboxvc_cta3-icon-size-md cmt-sboxvc_cta3-actions-no cmt-sboxcta3-with-desc\"><div class=\"cmt-vc_cta3_content-container\"><div class=\"cmt-vc_cta3-content\"><header class=\"cmt-vc_cta3-content-header cmt-section-wrapper \"><div class=\"cmt-sboxvc_cta3-headers cmt-section-wrapper-cell\"><h4 class=\"cmt-custom-heading \" >Nos promotions<\/h4>\n<h2 class=\"cmt-custom-heading \" >Pr\u00e9sentation<\/h2>\n<\/div><div class=\"heading-seperator\"><span><\/span><\/div><\/header><div class=\"cmt-sboxcta3-content-wrapper\"><p>Madame, Monsieur,<\/p>\n<p>Vous nous faites confiance pour assurer l\u2019entretien et le d\u00e9pannage de votre chaudi\u00e8re et nous vous en remercions.<\/p>\n<p><strong>Jusqu\u2019au 30 Juin 2024<\/strong>, ATC BERNARD vous propose des offres exceptionnelles \u00e0 des prix avantageux.<\/p>\n<p><strong>Nous prenons en charge en int\u00e9gralit\u00e9 et gratuitement votre\u00a0dossier de financement\u00a0car nous sommes mandataires (Montant remboursable en fonction des revenus et du mat\u00e9riel install\u00e9).<\/strong><\/p><\/div><\/div><\/div><\/div><\/section><\/div> <!-- .cmt-element-heading-wrapper container --> [\/vc_column][\/vc_row][vc_row][vc_column width=\u00a0\u00bb1\/5&Prime;]<div class=\"cymolthemes-ptables-w wpb_content_element\"><div class=\"tcmt-sboxpricetable-column-w  \"><div class=\"tcmt-sboxpricetable-column-inner cmt-sboxcurrency-after\">\n\n<div class=\"cmt-ptablebox cmt-ptablebox-style-1 \">\n\t\n\t<div class=\"cymolthemes-ptable-main\">\n\t\t<div class=\"cmt-ptablebox-title\"><h3>THERMOSTAT<\/h3><\/div>\n\t\t<div class=\"cymolthemes-ptable-icon\">\n\t\t\t<div class=\"cmt-sbox-icon-wrapper\"><i class=\"empty\"><\/i><\/div>\t\t<\/div>\n\t\t<div class=\"cmt-ptablebox-desc\">RADIO TYBOX 1137<\/div>\t\n\t<\/div>\n\t\n\t<div class=\"cmt-ptablebox-content\">\n\t\t<div class=\"cmt-ptablebox-price-w\">\n\t\t\t\t\t\t<div class=\"cmt-ptablebox-price\">350<\/div>\n\t\t\t<div class=\"cmt-ptablebox-cur-symbol-after\">\u20ac<\/div>\t\n\t\t\t<div class=\"cmt-ptablebox-frequency\"><\/div>\n\t\t<\/div>\n\t\t<div class=\"cmt-ptablebox-features\">\n\t\t\t<ul class=\"cmt-sboxfeature-lines\"><li>Pose comprise<\/li><li>* \u00c0 proximit\u00e9 de l'arriv\u00e9e d'eau g\u00e9n\u00e9rale<\/li><\/ul>\t\t<\/div>\n\t<\/div>\t\n\t\t<\/div>\n\n\n<\/div><\/div><\/div>[\/vc_column][vc_column width=\u00a0\u00bb1\/5&Prime;]<div class=\"cymolthemes-ptables-w wpb_content_element\"><div class=\"tcmt-sboxpricetable-column-w  \"><div class=\"tcmt-sboxpricetable-column-inner cmt-sboxcurrency-after\">\n\n<div class=\"cmt-ptablebox cmt-ptablebox-style-1 \">\n\t\n\t<div class=\"cymolthemes-ptable-main\">\n\t\t<div class=\"cmt-ptablebox-title\"><h3>Chaudi\u00e8re<\/h3><\/div>\n\t\t<div class=\"cymolthemes-ptable-icon\">\n\t\t\t<div class=\"cmt-sbox-icon-wrapper\"><i class=\"empty\"><\/i><\/div>\t\t<\/div>\n\t\t<div class=\"cmt-ptablebox-desc\">ATLANTIC NAEMA DUO 25 KW<\/div>\t\n\t<\/div>\n\t\n\t<div class=\"cmt-ptablebox-content\">\n\t\t<div class=\"cmt-ptablebox-price-w\">\n\t\t\t\t\t\t<div class=\"cmt-ptablebox-price\">2744<\/div>\n\t\t\t<div class=\"cmt-ptablebox-cur-symbol-after\">\u20ac<\/div>\t\n\t\t\t<div class=\"cmt-ptablebox-frequency\"><\/div>\n\t\t<\/div>\n\t\t<div class=\"cmt-ptablebox-features\">\n\t\t\t<ul class=\"cmt-sboxfeature-lines\"><li>Prix initial : 3277 \u20ac<\/li><li>Hors pose fumisterie et Accessoires<\/li><li>Efficacit\u00e9 ETAS<\/li><li>Energ\u00e9tique 93 %<\/li><li>Saisonni\u00e8re<\/li><\/ul>\t\t<\/div>\n\t<\/div>\t\n\t\t<\/div>\n\n\n<\/div><\/div><\/div>[\/vc_column][vc_column width=\u00a0\u00bb1\/5&Prime;]<div class=\"cymolthemes-ptables-w wpb_content_element\"><div class=\"tcmt-sboxpricetable-column-w  \"><div class=\"tcmt-sboxpricetable-column-inner cmt-sboxcurrency-after\">\n\n<div class=\"cmt-ptablebox cmt-ptablebox-style-1 \">\n\t\n\t<div class=\"cymolthemes-ptable-main\">\n\t\t<div class=\"cmt-ptablebox-title\"><h3>CLIMATISEUR REVERSIBLE<\/h3><\/div>\n\t\t<div class=\"cymolthemes-ptable-icon\">\n\t\t\t<div class=\"cmt-sbox-icon-wrapper\"><i class=\"empty\"><\/i><\/div>\t\t<\/div>\n\t\t<div class=\"cmt-ptablebox-desc\">GREE ULAR 12 3.5 KW<\/div>\t\n\t<\/div>\n\t\n\t<div class=\"cmt-ptablebox-content\">\n\t\t<div class=\"cmt-ptablebox-price-w\">\n\t\t\t\t\t\t<div class=\"cmt-ptablebox-price\">990<\/div>\n\t\t\t<div class=\"cmt-ptablebox-cur-symbol-after\">\u20ac<\/div>\t\n\t\t\t<div class=\"cmt-ptablebox-frequency\"><\/div>\n\t\t<\/div>\n\t\t<div class=\"cmt-ptablebox-features\">\n\t\t\t<ul class=\"cmt-sboxfeature-lines\"><li>Prix initial : 1920 \u20ac<\/li><li>Hors Pose et accessoires* <\/li><\/ul>\t\t<\/div>\n\t<\/div>\t\n\t\t<\/div>\n\n\n<\/div><\/div><\/div>[\/vc_column][vc_column width=\u00a0\u00bb1\/5&Prime;]<div class=\"cymolthemes-ptables-w wpb_content_element\"><div class=\"tcmt-sboxpricetable-column-w  \"><div class=\"tcmt-sboxpricetable-column-inner cmt-sboxcurrency-after\">\n\n<div class=\"cmt-ptablebox cmt-ptablebox-style-1 \">\n\t\n\t<div class=\"cymolthemes-ptable-main\">\n\t\t<div class=\"cmt-ptablebox-title\"><h3>Pompe \u00e0 chaleur<\/h3><\/div>\n\t\t<div class=\"cymolthemes-ptable-icon\">\n\t\t\t<div class=\"cmt-sbox-icon-wrapper\"><i class=\"empty\"><\/i><\/div>\t\t<\/div>\n\t\t<div class=\"cmt-ptablebox-desc\">ARISTON CLAS CLAS B ONE MAX<\/div>\t\n\t<\/div>\n\t\n\t<div class=\"cmt-ptablebox-content\">\n\t\t<div class=\"cmt-ptablebox-price-w\">\n\t\t\t\t\t\t<div class=\"cmt-ptablebox-price\">6925<\/div>\n\t\t\t<div class=\"cmt-ptablebox-cur-symbol-after\">\u20ac<\/div>\t\n\t\t\t<div class=\"cmt-ptablebox-frequency\"><\/div>\n\t\t<\/div>\n\t\t<div class=\"cmt-ptablebox-features\">\n\t\t\t<ul class=\"cmt-sboxfeature-lines\"><li>Prix initial : 7954 \u20ac<\/li><li>Hors pose fumisterie et Accessoires<\/li><\/ul>\t\t<\/div>\n\t<\/div>\t\n\t\t<\/div>\n\n\n<\/div><\/div><\/div>[\/vc_column][\/vc_row][vc_row][vc_column width=\u00a0\u00bb1\/5&Prime;][vc_single_image image=\u00a0\u00bb2282&Prime;][\/vc_column][vc_column width=\u00a0\u00bb1\/5&Prime;][vc_single_image image=\u00a0\u00bb2184&Prime;][\/vc_column][vc_column width=\u00a0\u00bb1\/5&Prime;][vc_single_image image=\u00a0\u00bb2185&Prime;][\/vc_column][vc_column width=\u00a0\u00bb1\/5&Prime;][vc_single_image image=\u00a0\u00bb2283&Prime;][\/vc_column][\/vc_row][vc_row][vc_column][vc_separator][\/vc_column][\/vc_row]<\/p>\n","protected":false},"excerpt":{"rendered":"<p>[vc_row][vc_column][\/vc_column][\/vc_row][vc_row][vc_column width=\u00a0\u00bb1\/5&Prime;][\/vc_column][vc_column width=\u00a0\u00bb1\/5&Prime;][\/vc_column][vc_column width=\u00a0\u00bb1\/5&Prime;][\/vc_column][vc_column width=\u00a0\u00bb1\/5&Prime;][\/vc_column][\/vc_row][vc_row][vc_column width=\u00a0\u00bb1\/5&Prime;][vc_single_image image=\u00a0\u00bb2282&Prime;][\/vc_column][vc_column width=\u00a0\u00bb1\/5&Prime;][vc_single_image image=\u00a0\u00bb2184&Prime;][\/vc_column][vc_column width=\u00a0\u00bb1\/5&Prime;][vc_single_image image=\u00a0\u00bb2185&Prime;][\/vc_column][vc_column width=\u00a0\u00bb1\/5&Prime;][vc_single_image image=\u00a0\u00bb2283&Prime;][\/vc_column][\/vc_row][vc_row][vc_column][vc_separator][\/vc_column][\/vc_row]<\/p>\n","protected":false},"author":1,"featured_media":0,"parent":0,"menu_order":0,"comment_status":"closed","ping_status":"closed","template":"","meta":{"footnotes":""},"class_list":["post-1963","page","type-page","status-publish","hentry"],"yoast_head":"<!-- This site is optimized with the Yoast SEO plugin v26.6 - https:\/\/yoast.com\/wordpress\/plugins\/seo\/ -->\n<title>Promotions - ATC-Bernard-chaudiere-angouleme<\/title>\n<meta name=\"description\" content=\"Retrouvez toutes les promotions d&#039;ATC \u00e0 Angoul\u00eame. Chaudi\u00e8res, pompes \u00e0 chaleur, climatisation, plomberie. Devis en ligne gratuit.\" \/>\n<meta name=\"robots\" content=\"index, follow, max-snippet:-1, max-image-preview:large, max-video-preview:-1\" \/>\n<link rel=\"canonical\" href=\"https:\/\/atcbernard.fr\/?page_id=1963\" \/>\n<meta property=\"og:locale\" content=\"fr_FR\" \/>\n<meta property=\"og:type\" content=\"article\" \/>\n<meta property=\"og:title\" content=\"Promotions - ATC-Bernard-chaudiere-angouleme\" \/>\n<meta property=\"og:description\" content=\"Retrouvez toutes les promotions d&#039;ATC \u00e0 Angoul\u00eame. Chaudi\u00e8res, pompes \u00e0 chaleur, climatisation, plomberie. Devis en ligne gratuit.\" \/>\n<meta property=\"og:url\" content=\"https:\/\/atcbernard.fr\/?page_id=1963\" \/>\n<meta property=\"og:site_name\" content=\"ATC-Bernard\" \/>\n<meta property=\"article:modified_time\" content=\"2025-11-06T10:09:52+00:00\" \/>\n<meta name=\"twitter:card\" content=\"summary_large_image\" \/>\n<meta name=\"twitter:label1\" content=\"Dur\u00e9e de lecture estim\u00e9e\" \/>\n\t<meta name=\"twitter:data1\" content=\"2 minutes\" \/>\n<script type=\"application\/ld+json\" class=\"yoast-schema-graph\">{\"@context\":\"https:\/\/schema.org\",\"@graph\":[{\"@type\":\"WebPage\",\"@id\":\"https:\/\/atcbernard.fr\/?page_id=1963\",\"url\":\"https:\/\/atcbernard.fr\/?page_id=1963\",\"name\":\"Promotions - ATC-Bernard-chaudiere-angouleme\",\"isPartOf\":{\"@id\":\"https:\/\/atcbernard.fr\/#website\"},\"datePublished\":\"2021-07-21T09:40:23+00:00\",\"dateModified\":\"2025-11-06T10:09:52+00:00\",\"description\":\"Retrouvez toutes les promotions d'ATC \u00e0 Angoul\u00eame. Chaudi\u00e8res, pompes \u00e0 chaleur, climatisation, plomberie. Devis en ligne gratuit.\",\"breadcrumb\":{\"@id\":\"https:\/\/atcbernard.fr\/?page_id=1963#breadcrumb\"},\"inLanguage\":\"fr-FR\",\"potentialAction\":[{\"@type\":\"ReadAction\",\"target\":[\"https:\/\/atcbernard.fr\/?page_id=1963\"]}]},{\"@type\":\"BreadcrumbList\",\"@id\":\"https:\/\/atcbernard.fr\/?page_id=1963#breadcrumb\",\"itemListElement\":[{\"@type\":\"ListItem\",\"position\":1,\"name\":\"Accueil\",\"item\":\"https:\/\/atcbernard.fr\/\"},{\"@type\":\"ListItem\",\"position\":2,\"name\":\"Promotions\"}]},{\"@type\":\"WebSite\",\"@id\":\"https:\/\/atcbernard.fr\/#website\",\"url\":\"https:\/\/atcbernard.fr\/\",\"name\":\"ATC-Bernard\",\"description\":\"Votre professionnel\",\"potentialAction\":[{\"@type\":\"SearchAction\",\"target\":{\"@type\":\"EntryPoint\",\"urlTemplate\":\"https:\/\/atcbernard.fr\/?s={search_term_string}\"},\"query-input\":{\"@type\":\"PropertyValueSpecification\",\"valueRequired\":true,\"valueName\":\"search_term_string\"}}],\"inLanguage\":\"fr-FR\"}]}<\/script>\n<!-- \/ Yoast SEO plugin. -->","yoast_head_json":{"title":"Promotions - ATC-Bernard-chaudiere-angouleme","description":"Retrouvez toutes les promotions d'ATC \u00e0 Angoul\u00eame. Chaudi\u00e8res, pompes \u00e0 chaleur, climatisation, plomberie. Devis en ligne gratuit.","robots":{"index":"index","follow":"follow","max-snippet":"max-snippet:-1","max-image-preview":"max-image-preview:large","max-video-preview":"max-video-preview:-1"},"canonical":"https:\/\/atcbernard.fr\/?page_id=1963","og_locale":"fr_FR","og_type":"article","og_title":"Promotions - ATC-Bernard-chaudiere-angouleme","og_description":"Retrouvez toutes les promotions d'ATC \u00e0 Angoul\u00eame. Chaudi\u00e8res, pompes \u00e0 chaleur, climatisation, plomberie. Devis en ligne gratuit.","og_url":"https:\/\/atcbernard.fr\/?page_id=1963","og_site_name":"ATC-Bernard","article_modified_time":"2025-11-06T10:09:52+00:00","twitter_card":"summary_large_image","twitter_misc":{"Dur\u00e9e de lecture estim\u00e9e":"2 minutes"},"schema":{"@context":"https:\/\/schema.org","@graph":[{"@type":"WebPage","@id":"https:\/\/atcbernard.fr\/?page_id=1963","url":"https:\/\/atcbernard.fr\/?page_id=1963","name":"Promotions - ATC-Bernard-chaudiere-angouleme","isPartOf":{"@id":"https:\/\/atcbernard.fr\/#website"},"datePublished":"2021-07-21T09:40:23+00:00","dateModified":"2025-11-06T10:09:52+00:00","description":"Retrouvez toutes les promotions d'ATC \u00e0 Angoul\u00eame. Chaudi\u00e8res, pompes \u00e0 chaleur, climatisation, plomberie. Devis en ligne gratuit.","breadcrumb":{"@id":"https:\/\/atcbernard.fr\/?page_id=1963#breadcrumb"},"inLanguage":"fr-FR","potentialAction":[{"@type":"ReadAction","target":["https:\/\/atcbernard.fr\/?page_id=1963"]}]},{"@type":"BreadcrumbList","@id":"https:\/\/atcbernard.fr\/?page_id=1963#breadcrumb","itemListElement":[{"@type":"ListItem","position":1,"name":"Accueil","item":"https:\/\/atcbernard.fr\/"},{"@type":"ListItem","position":2,"name":"Promotions"}]},{"@type":"WebSite","@id":"https:\/\/atcbernard.fr\/#website","url":"https:\/\/atcbernard.fr\/","name":"ATC-Bernard","description":"Votre professionnel","potentialAction":[{"@type":"SearchAction","target":{"@type":"EntryPoint","urlTemplate":"https:\/\/atcbernard.fr\/?s={search_term_string}"},"query-input":{"@type":"PropertyValueSpecification","valueRequired":true,"valueName":"search_term_string"}}],"inLanguage":"fr-FR"}]}},"_links":{"self":[{"href":"https:\/\/atcbernard.fr\/index.php?rest_route=\/wp\/v2\/pages\/1963","targetHints":{"allow":["GET"]}}],"collection":[{"href":"https:\/\/atcbernard.fr\/index.php?rest_route=\/wp\/v2\/pages"}],"about":[{"href":"https:\/\/atcbernard.fr\/index.php?rest_route=\/wp\/v2\/types\/page"}],"author":[{"embeddable":true,"href":"https:\/\/atcbernard.fr\/index.php?rest_route=\/wp\/v2\/users\/1"}],"replies":[{"embeddable":true,"href":"https:\/\/atcbernard.fr\/index.php?rest_route=%2Fwp%2Fv2%2Fcomments&post=1963"}],"version-history":[{"count":31,"href":"https:\/\/atcbernard.fr\/index.php?rest_route=\/wp\/v2\/pages\/1963\/revisions"}],"predecessor-version":[{"id":2385,"href":"https:\/\/atcbernard.fr\/index.php?rest_route=\/wp\/v2\/pages\/1963\/revisions\/2385"}],"wp:attachment":[{"href":"https:\/\/atcbernard.fr\/index.php?rest_route=%2Fwp%2Fv2%2Fmedia&parent=1963"}],"curies":[{"name":"wp","href":"https:\/\/api.w.org\/{rel}","templated":true}]}}