{"id":465,"date":"2020-10-20T06:27:53","date_gmt":"2020-10-20T06:27:53","guid":{"rendered":"https:\/\/mrhandy.cymolthemes.com\/cleaning\/?page_id=465"},"modified":"2021-07-21T14:41:39","modified_gmt":"2021-07-21T12:41:39","slug":"f-a-q","status":"publish","type":"page","link":"https:\/\/atcbernard.fr\/?page_id=465","title":{"rendered":"F.A.Q."},"content":{"rendered":"<p>[vc_row][vc_column]<h2 style=\"text-align:center;color:#ea6635;\" class=\"cmt-custom-heading \" >Trouvez la r\u00e9ponse \u00e0 votre question dans notre F.A.Q. :<\/h2>\n[vc_column_text]<\/p>\r\n<p style=\"text-align: center;\">F.A.Q. ATC-Bernard<\/p>\r\n<p>[\/vc_column_text][vc_toggle title=\u00a0\u00bbPoser une chaudi\u00e8re, cela prend combien de temps ?\u00a0\u00bb]Le temps de pose d&rsquo;une chaudi\u00e8re moderne est tr\u00e8s court, entre 3 et 4 heures maximum.[\/vc_toggle][vc_separator][vc_toggle title=\u00a0\u00bbPeut-on dans n&rsquo;importe quelle maison installer un po\u00eale \u00e0 granul\u00e9s ?\u00a0\u00bb]Un po\u00eale \u00e0 granul\u00e9s est efficace dans n&rsquo;importe quel type de logement tant qu&rsquo;il ne d\u00e9passe pas les 100 m2 par pi\u00e8ce.<\/p>\r\n<p>Pour plus d&rsquo;information sur les po\u00eales \u00e0 granul\u00e9s, <a href=\"https:\/\/webdevconsulting.fr\/projet1\/service\/poele-a-granules-angouleme\/\">cliquez ici<\/a> ![\/vc_toggle][vc_separator][vc_toggle title=\u00a0\u00bbQuel rythme d&rsquo;entretien pour une chaudi\u00e8re ?\u00a0\u00bb]<\/p>\r\n<p>Vous devez faire entretenir votre chaudi\u00e8re tous les ans afin de maximiser ses performances et sa dur\u00e9e de vie.<\/p>\r\n<p>[\/vc_toggle][vc_separator][vc_toggle title=\u00a0\u00bbDur\u00e9e de vie d&rsquo;une chaudi\u00e8re\u00a0\u00bb]La dur\u00e9e de vie d&rsquo;une chaudi\u00e8re est d&rsquo;environ 20 ans. Cette estimation peut varier en fonction de son entretien.[\/vc_toggle][vc_separator][vc_toggle title=\u00a0\u00bbZone d&rsquo;interventions d&rsquo;ATC Bernard\u00a0\u00bb]<\/p>\r\n<h4>Nos \u00e9quipes interviennent dans les zones suivantes :<\/h4>\r\n<p style=\"text-align: left;\">-Autour d&rsquo;Angoul\u00eame<\/p>\r\n<p>-L&rsquo;Isle d&rsquo;Espagnac<\/p>\r\n<p>-Communes environnantes<\/p>\r\n<p>[\/vc_toggle][vc_separator][vc_toggle title=\u00a0\u00bbQuels sont les frais de d\u00e9placement ?\u00a0\u00bb]<\/p>\r\n<h4>Chez ATC-Bernard, les frais de d\u00e9placement sont d\u00e9finis par zone :<\/h4>\r\n<p>Zone 0 : Sur l&rsquo;Isle d&rsquo;Espagnac :\u00a0 \u20ac TTC<\/p>\r\n<p>Zone 1 : 30 km autour d&rsquo;Angoul\u00eame :\u00a0 \u20ac TTC<\/p>\r\n<p>Zone 2 : 40 km autour d&rsquo;Angoul\u00eame :\u00a0 \u20ac TTC<\/p>\r\n<p>Zone 3 : 50 km autour d&rsquo;Angoul\u00eame :\u00a0 \u20ac TTC<\/p>\r\n<p>Devis gratuit en ligne<\/p>\r\n<p>[\/vc_toggle][vc_separator][vc_toggle title=\u00a0\u00bbQuels sont les tarifs des services de d\u00e9pannage ?\u00a0\u00bb]<\/p>\r\n<p>Pour la main d&rsquo;oeuvre Plomberie et SAV :\u00a0 \u20ac TTC<\/p>\r\n<p>Pour la main d&rsquo;oeuvre Pompe \u00e0 chaleur :\u00a0 \u20ac TTC<\/p>\r\n<p>Pour les contrats d&rsquo;entretien chaudi\u00e8re, nous contacter \u00e0 l&rsquo;agence au 05 45 65 41 49<\/p>\r\n<p>[\/vc_toggle][vc_separator][vc_toggle title=\u00a0\u00bbQuels sont les horaires d&rsquo;ouverture ?\u00a0\u00bb]<\/p>\r\n<h4>ATC-Bernard est ouvert :<\/h4>\r\n<p>Du lundi au jeudi de 8H \u00e0 12H et de 13H30 \u00e0 17H30<\/p>\r\n<p>Le vendredi de 8H \u00e0 12H et de 13H30 \u00e0 16H30<\/p>\r\n<p>Le samedi : astreinte de d\u00e9but Octobre \u00e0 fin Mars de 8h \u00e0 17H30<\/p>\r\n<p>[\/vc_toggle][vc_separator][vc_toggle title=\u00a0\u00bbComment faire des \u00e9conomies d&rsquo;argent et d&rsquo;\u00e9nergie ?\u00a0\u00bb]<\/p>\r\n<h4>Si vous cherchez \u00e0 r\u00e9aliser des \u00e9conomies d&rsquo;argent ou encore d&rsquo;\u00e9nergie, suivez ces astuces :<\/h4>\r\n<ul>\r\n<li>Si vous baissez votre temp\u00e9rature de 1 degr\u00e9, sachez que vous ferez environ 7 % d\u2019\u00e9conomies sur votre facture.<\/li>\r\n<li>De plus, purgez vos radiateurs au moins une fois par an afin que leur chaleur soit optimis\u00e9e (pas d\u2019air \u00e0 la place de l\u2019eau).<\/li>\r\n<li>Dor\u00e9navant, vous pouvez fermer les volets en p\u00e9riode de grand froid le soir et en cas d\u2019absence.<\/li>\r\n<li>Ensuite, n&rsquo;oubliez pas de d\u00e9sencombrer les radiateurs (ne pas coller de meuble, ne pas poser de v\u00eatements dessus, installer un thermostat d\u2019ambiance).<\/li>\r\n<li>Ainsi, pensez \u00e0 entretenir votre chaudi\u00e8re tous les ans.<\/li>\r\n<li>Enfin, vos radiateurs chauffent mal, vous pouvez \u00e9galement faire un d\u00e9sembouage de l\u2019installation de chauffage.<\/li>\r\n<\/ul>\r\n<p>[\/vc_toggle][vc_separator][vc_toggle title=\u00a0\u00bbComment remettre en fonctionnement son chauffage\u00a0\u00bb]<\/p>\r\n<h4>Pour remettre en fonctionnement son chauffage, voici des conseils :<\/h4>\r\n<h5><\/h5>\r\n<p>Tous les radiateurs doivent \u00eatre purg\u00e9s avant la remise en marche. Cela consiste \u00e0 chasser l\u2019air afin que l\u2019eau se r\u00e9partisse uniform\u00e9ment. Cet air peut causer des bruits dans votre installation et peut \u00e9galement pousser la chaudi\u00e8re \u00e0 fonctionner inutilement. La chauffe sera ainsi optimale.<\/p>\r\n<p>\r\n\r\nMettez votre chaudi\u00e8re en mode HIVER, pour les chaudi\u00e8res en double service (eau chaude et chauffage). G\u00e9n\u00e9ralement il faut appuyer sur la touche \u00ab mode \u00bb jusqu\u2019\u00e0 ce que les symboles de robinet et de radiateur soient allum\u00e9s en m\u00eame temps).<\/p>\r\n<p>\r\n\r\nPensez \u00e9galement \u00e0 v\u00e9rifier que votre thermostat d\u2019ambiance fonctionne. Les piles doivent \u00eatre remplac\u00e9es tous les ans si c\u2019est un thermostat d\u2019ambiance non filaire.<\/p>\r\n\r\n<p>[\/vc_toggle][vc_separator][vc_toggle title=\u00a0\u00bbComment remplir une chaudi\u00e8re Chaffoteaux ?\u00a0\u00bb]<\/p>\r\n<p><iframe loading=\"lazy\" title=\"Remettre de l&#039;eau chaudi\u00e8re chaffoteau inoa\" width=\"847\" height=\"635\" src=\"https:\/\/www.youtube.com\/embed\/QPJFzpXmFJo?feature=oembed\" frameborder=\"0\" allow=\"accelerometer; autoplay; clipboard-write; encrypted-media; gyroscope; picture-in-picture\" allowfullscreen><\/iframe><\/p>\r\n<p>[\/vc_toggle][vc_separator][vc_toggle title=\u00a0\u00bbComment remplir une chaudi\u00e8re Viessmann?\u00a0\u00bb]<\/p>\r\n<p><iframe loading=\"lazy\" title=\"Viessman 100 re-pressure.\" width=\"847\" height=\"476\" src=\"https:\/\/www.youtube.com\/embed\/0u523v6vA7E?feature=oembed\" frameborder=\"0\" allow=\"accelerometer; autoplay; clipboard-write; encrypted-media; gyroscope; picture-in-picture\" allowfullscreen><\/iframe><\/p>\r\n<p>[\/vc_toggle][vc_separator][vc_toggle title=\u00a0\u00bbComment remplir une chaudi\u00e8re Saunier Duval ?\u00a0\u00bb]<\/p>\r\n<p><iframe loading=\"lazy\" title=\"Saunier Duval - Remettre de l&#039;eau\" width=\"847\" height=\"476\" src=\"https:\/\/www.youtube.com\/embed\/qHrh_rwFlxk?feature=oembed\" frameborder=\"0\" allow=\"accelerometer; autoplay; clipboard-write; encrypted-media; gyroscope; picture-in-picture\" allowfullscreen><\/iframe><\/p>\r\n<p>[\/vc_toggle][\/vc_column][vc_column][vc_btn title=\u00a0\u00bbRetour \u00e0 l&rsquo;accueil\u00a0\u00bb align=\u00a0\u00bbcenter\u00a0\u00bb link=\u00a0\u00bburl:https%3A%2F%2Fwebdevconsulting.fr%2Fprojet1%2F\u00a0\u00bb][\/vc_column][\/vc_row][vc_row cmt_bgcolor=\u00a0\u00bbdarkgrey\u00a0\u00bb cmt_bgimagefixed=\u00a0\u00bb\u00a0\u00bb full_width=\u00a0\u00bbstretch_row\u00a0\u00bb css=\u00a0\u00bb.vc_custom_1607061865024{padding-top: 107px !important;padding-bottom: 68px !important;background-image: url(http:\/\/webdevconsulting.fr\/projet1\/wp-content\/uploads\/2020\/11\/project001.jpg?id=243) !important;background-position: center !important;background-repeat: no-repeat !important;background-size: cover !important;}\u00a0\u00bb cmt_responsive_css=\u00a0\u00bb82008943|colbreak_no|||||||||colbreak_no|||||80px||40px||colbreak_no||||||||||colbreak_no|||||||||\u00a0\u00bb][vc_column]<div class=\"cmt-vc_icon_element cmt-vc_icon_element-outer cmt-vc_icon_element-align-center  cmt-vc_icon_element-have-style cmt_prettyphoto vc_custom_1622730371109\"><div class=\"cmt-vc_icon_element-inner  cmt-vc_icon_element-have-style-inner cmt-vc_icon_element-color-white cmt-vc_icon_element-size-md cmt-vc_icon_element-style-rounded cmt-vc_icon_element-background cmt-vc_icon_element-background-color-juicy_pink\" ><span class=\"cmt-vc_icon_element-icon fa fa-play\" ><\/span><a class=\"cmt-vc_icon_element-link\" href=\"https:\/\/youtu.be\/7e90gBu4pas\" title=\"\" target=\"_self\"><\/a><\/div><\/div><div class=\"cmt-element-heading-wrapper cmt-sboxheading-inner cmt-sboxelement-align-center cmt-seperator-none cmt-sboxheading-style-vertical \"><section class=\"cmt-sboxvc_cta3-container\"><div class=\"cmt-vc_general cmt-sboxvc_cta3 cmt-sboxcta3-only cmt-sboxvc_cta3-style-classic cmt-sboxvc_cta3-shape-rounded cmt-sboxvc_cta3-align-center cmt-sboxvc_cta3-color-transparent cmt-sboxvc_cta3-icon-size-md cmt-sboxvc_cta3-actions-no cmt-sboxcta3-without-desc\"><div class=\"cmt-vc_cta3_content-container\"><div class=\"cmt-vc_cta3-content\"><header class=\"cmt-vc_cta3-content-header cmt-section-wrapper \"><div class=\"cmt-sboxvc_cta3-headers cmt-section-wrapper-cell\"><h4 style=\"font-size:18px;line-height:40px;\" class=\"cmt-custom-heading \" >N'h\u00e9sitez plus<\/h4>\n<h2 style=\"font-size:52px;line-height:60px;\" class=\"cmt-custom-heading cmt-reset-h2-font-responsive \" >Avez-vous des questions ?<\/h2>\n<\/div><div class=\"heading-seperator\"><span><\/span><\/div><\/header><\/div><\/div><\/div><\/section><\/div> <!-- .cmt-element-heading-wrapper container --> \n\t\t<div class=\"cmt-vc_btn3-container cmt-vc_btn3-center vc_custom_1622730362648\"><a class=\"cmt-vc_general cmt-vc_btn3 cmt-vc_btn3-size-md cmt-vc_btn3-shape-rounded cmt-vc_btn3-style-flat cmt-vc_btn3-weight-no cmt-vc_btn3-view-style-none cmt-vc_btn3-icon-right cmt-vc_btn3-color-juicy-pink\" href=\"https:\/\/mrhandy.cymolthemes.com\/plumber\/contact-us-1\/\" title=\"\">Nous contacter <i class=\"cmt-vc_btn3-icon fa fa-arrow-circle-right\"><\/i><\/a><\/div>[\/vc_column][\/vc_row]<\/p>","protected":false},"excerpt":{"rendered":"<p>[vc_row][vc_column][vc_column_text] F.A.Q. ATC-Bernard [\/vc_column_text][vc_toggle title=\u00a0\u00bbPoser une chaudi\u00e8re, cela prend combien de temps ?\u00a0\u00bb]Le temps de pose d&rsquo;une chaudi\u00e8re moderne est tr\u00e8s court, entre 3 et 4 heures maximum.[\/vc_toggle][vc_separator][vc_toggle title=\u00a0\u00bbPeut-on dans n&rsquo;importe quelle maison installer un po\u00eale \u00e0 granul\u00e9s ?\u00a0\u00bb]Un po\u00eale \u00e0 granul\u00e9s est efficace dans n&rsquo;importe quel type de logement tant qu&rsquo;il ne d\u00e9passe pas &hellip; <a href=\"https:\/\/atcbernard.fr\/?page_id=465\" class=\"more-link\">Continue reading <span class=\"screen-reader-text\">F.A.Q.<\/span><\/a><\/p>\n","protected":false},"author":1,"featured_media":0,"parent":0,"menu_order":0,"comment_status":"closed","ping_status":"closed","template":"","meta":{"footnotes":""},"class_list":["post-465","page","type-page","status-publish","hentry"],"yoast_head":"<!-- This site is optimized with the Yoast SEO plugin v26.6 - https:\/\/yoast.com\/wordpress\/plugins\/seo\/ -->\n<title>F.A.Q. - ATC-Bernard question chauffage installation r\u00e9paration<\/title>\n<meta name=\"description\" content=\"Vous avez des questions sur l&#039;installation de votre chauffage ? Consulter la F.A.Q. ATC Bernard. ATC Bernard vous aide. R\u00e9gion Angoul\u00eame.\" \/>\n<meta name=\"robots\" content=\"index, follow, max-snippet:-1, max-image-preview:large, max-video-preview:-1\" \/>\n<link rel=\"canonical\" href=\"https:\/\/atcbernard.fr\/?page_id=465\" \/>\n<meta property=\"og:locale\" content=\"fr_FR\" \/>\n<meta property=\"og:type\" content=\"article\" \/>\n<meta property=\"og:title\" content=\"F.A.Q. - ATC-Bernard question chauffage installation r\u00e9paration\" \/>\n<meta property=\"og:description\" content=\"Vous avez des questions sur l&#039;installation de votre chauffage ? Consulter la F.A.Q. ATC Bernard. ATC Bernard vous aide. R\u00e9gion Angoul\u00eame.\" \/>\n<meta property=\"og:url\" content=\"https:\/\/atcbernard.fr\/?page_id=465\" \/>\n<meta property=\"og:site_name\" content=\"ATC-Bernard\" \/>\n<meta property=\"article:modified_time\" content=\"2021-07-21T12:41:39+00:00\" \/>\n<meta name=\"twitter:card\" content=\"summary_large_image\" \/>\n<meta name=\"twitter:label1\" content=\"Dur\u00e9e de lecture estim\u00e9e\" \/>\n\t<meta name=\"twitter:data1\" content=\"3 minutes\" \/>\n<script type=\"application\/ld+json\" class=\"yoast-schema-graph\">{\"@context\":\"https:\/\/schema.org\",\"@graph\":[{\"@type\":\"WebPage\",\"@id\":\"https:\/\/atcbernard.fr\/?page_id=465\",\"url\":\"https:\/\/atcbernard.fr\/?page_id=465\",\"name\":\"F.A.Q. - ATC-Bernard question chauffage installation r\u00e9paration\",\"isPartOf\":{\"@id\":\"https:\/\/atcbernard.fr\/#website\"},\"datePublished\":\"2020-10-20T06:27:53+00:00\",\"dateModified\":\"2021-07-21T12:41:39+00:00\",\"description\":\"Vous avez des questions sur l'installation de votre chauffage ? Consulter la F.A.Q. ATC Bernard. ATC Bernard vous aide. R\u00e9gion Angoul\u00eame.\",\"breadcrumb\":{\"@id\":\"https:\/\/atcbernard.fr\/?page_id=465#breadcrumb\"},\"inLanguage\":\"fr-FR\",\"potentialAction\":[{\"@type\":\"ReadAction\",\"target\":[\"https:\/\/atcbernard.fr\/?page_id=465\"]}]},{\"@type\":\"BreadcrumbList\",\"@id\":\"https:\/\/atcbernard.fr\/?page_id=465#breadcrumb\",\"itemListElement\":[{\"@type\":\"ListItem\",\"position\":1,\"name\":\"Accueil\",\"item\":\"https:\/\/atcbernard.fr\/\"},{\"@type\":\"ListItem\",\"position\":2,\"name\":\"F.A.Q.\"}]},{\"@type\":\"WebSite\",\"@id\":\"https:\/\/atcbernard.fr\/#website\",\"url\":\"https:\/\/atcbernard.fr\/\",\"name\":\"ATC-Bernard\",\"description\":\"Votre professionnel\",\"potentialAction\":[{\"@type\":\"SearchAction\",\"target\":{\"@type\":\"EntryPoint\",\"urlTemplate\":\"https:\/\/atcbernard.fr\/?s={search_term_string}\"},\"query-input\":{\"@type\":\"PropertyValueSpecification\",\"valueRequired\":true,\"valueName\":\"search_term_string\"}}],\"inLanguage\":\"fr-FR\"}]}<\/script>\n<!-- \/ Yoast SEO plugin. -->","yoast_head_json":{"title":"F.A.Q. - ATC-Bernard question chauffage installation r\u00e9paration","description":"Vous avez des questions sur l'installation de votre chauffage ? Consulter la F.A.Q. ATC Bernard. ATC Bernard vous aide. R\u00e9gion Angoul\u00eame.","robots":{"index":"index","follow":"follow","max-snippet":"max-snippet:-1","max-image-preview":"max-image-preview:large","max-video-preview":"max-video-preview:-1"},"canonical":"https:\/\/atcbernard.fr\/?page_id=465","og_locale":"fr_FR","og_type":"article","og_title":"F.A.Q. - ATC-Bernard question chauffage installation r\u00e9paration","og_description":"Vous avez des questions sur l'installation de votre chauffage ? Consulter la F.A.Q. ATC Bernard. ATC Bernard vous aide. R\u00e9gion Angoul\u00eame.","og_url":"https:\/\/atcbernard.fr\/?page_id=465","og_site_name":"ATC-Bernard","article_modified_time":"2021-07-21T12:41:39+00:00","twitter_card":"summary_large_image","twitter_misc":{"Dur\u00e9e de lecture estim\u00e9e":"3 minutes"},"schema":{"@context":"https:\/\/schema.org","@graph":[{"@type":"WebPage","@id":"https:\/\/atcbernard.fr\/?page_id=465","url":"https:\/\/atcbernard.fr\/?page_id=465","name":"F.A.Q. - ATC-Bernard question chauffage installation r\u00e9paration","isPartOf":{"@id":"https:\/\/atcbernard.fr\/#website"},"datePublished":"2020-10-20T06:27:53+00:00","dateModified":"2021-07-21T12:41:39+00:00","description":"Vous avez des questions sur l'installation de votre chauffage ? Consulter la F.A.Q. ATC Bernard. ATC Bernard vous aide. R\u00e9gion Angoul\u00eame.","breadcrumb":{"@id":"https:\/\/atcbernard.fr\/?page_id=465#breadcrumb"},"inLanguage":"fr-FR","potentialAction":[{"@type":"ReadAction","target":["https:\/\/atcbernard.fr\/?page_id=465"]}]},{"@type":"BreadcrumbList","@id":"https:\/\/atcbernard.fr\/?page_id=465#breadcrumb","itemListElement":[{"@type":"ListItem","position":1,"name":"Accueil","item":"https:\/\/atcbernard.fr\/"},{"@type":"ListItem","position":2,"name":"F.A.Q."}]},{"@type":"WebSite","@id":"https:\/\/atcbernard.fr\/#website","url":"https:\/\/atcbernard.fr\/","name":"ATC-Bernard","description":"Votre professionnel","potentialAction":[{"@type":"SearchAction","target":{"@type":"EntryPoint","urlTemplate":"https:\/\/atcbernard.fr\/?s={search_term_string}"},"query-input":{"@type":"PropertyValueSpecification","valueRequired":true,"valueName":"search_term_string"}}],"inLanguage":"fr-FR"}]}},"_links":{"self":[{"href":"https:\/\/atcbernard.fr\/index.php?rest_route=\/wp\/v2\/pages\/465","targetHints":{"allow":["GET"]}}],"collection":[{"href":"https:\/\/atcbernard.fr\/index.php?rest_route=\/wp\/v2\/pages"}],"about":[{"href":"https:\/\/atcbernard.fr\/index.php?rest_route=\/wp\/v2\/types\/page"}],"author":[{"embeddable":true,"href":"https:\/\/atcbernard.fr\/index.php?rest_route=\/wp\/v2\/users\/1"}],"replies":[{"embeddable":true,"href":"https:\/\/atcbernard.fr\/index.php?rest_route=%2Fwp%2Fv2%2Fcomments&post=465"}],"version-history":[{"count":26,"href":"https:\/\/atcbernard.fr\/index.php?rest_route=\/wp\/v2\/pages\/465\/revisions"}],"predecessor-version":[{"id":2006,"href":"https:\/\/atcbernard.fr\/index.php?rest_route=\/wp\/v2\/pages\/465\/revisions\/2006"}],"wp:attachment":[{"href":"https:\/\/atcbernard.fr\/index.php?rest_route=%2Fwp%2Fv2%2Fmedia&parent=465"}],"curies":[{"name":"wp","href":"https:\/\/api.w.org\/{rel}","templated":true}]}}