{"id":686,"date":"2020-10-23T05:53:56","date_gmt":"2020-10-23T05:53:56","guid":{"rendered":"https:\/\/mrhandy.cymolthemes.com\/cleaning\/?page_id=686"},"modified":"2025-12-18T13:21:44","modified_gmt":"2025-12-18T12:21:44","slug":"contact-chauffagiste-angouleme","status":"publish","type":"page","link":"https:\/\/atcbernard.fr\/?page_id=686","title":{"rendered":"Nous contacter"},"content":{"rendered":"<p>[vc_row cmt_bgimagefixed=\u00a0\u00bb\u00a0\u00bb break_in_responsive=\u00a0\u00bb991&Prime; full_width=\u00a0\u00bbstretch_row\u00a0\u00bb css=\u00a0\u00bb.vc_custom_1606119337806{padding-top: 216px !important;padding-bottom: 90px !important;}\u00a0\u00bb cmt_responsive_css=\u00a0\u00bb17622754|colbreak_no|||||||||colbreak_no|||||50px||50px||colbreak_no||||||||||colbreak_no|||||||||\u00a0\u00bb][vc_column reduce_extra_padding=\u00a0\u00bb991&Prime; cmt_shadow=\u00a0\u00bbyes\u00a0\u00bb css=\u00a0\u00bb.vc_custom_1604667109002{padding-right: 0px !important;}\u00a0\u00bb][vc_single_image image=\u00a0\u00bb1921&Prime; img_size=\u00a0\u00bbfull\u00a0\u00bb alignment=\u00a0\u00bbcenter\u00a0\u00bb][vc_row_inner cmt_responsive_css=\u00a0\u00bb23434331|colbreak_no|||||||||colbreak_no||0px||0px|||||colbreak_no||||||||||colbreak_no|||||||||\u00a0\u00bb][vc_column_inner css=\u00a0\u00bb.vc_custom_1606202365173{padding-top: 40px !important;padding-bottom: 15px !important;}\u00a0\u00bb cmt_responsive_css=\u00a0\u00bb34184978|colbreak_no|||||||||colbreak_no||||||||30px|colbreak_no||||||||||colbreak_no|||||||||\u00a0\u00bb]<div class=\"cymolthemes-socialbox-wrapper cmt-sboxsocialbox-icon-size-small cmt-sboxsocialbox-column-five  cmt-sboxheading-with-separator\"><div class=\"cmt-sboxsocialbox-links-wrapper row multi-columns-row\"><div class=\"cmt-sboxsocialbox-i-wrapper col-md-20percent col-lg-20percent col-xs-12\"><a class=\"cmt-sboxsocialbox-icon-link cmt-sboxsocialbox-icon-link-facebook\" target=\"_blank\" href=\"#\" data-tooltip=\"Facebook\"><i class=\"cmt-mrhandy-icon-facebook\"><\/i><\/a><\/div><div class=\"cmt-sboxsocialbox-i-wrapper col-md-20percent col-lg-20percent col-xs-12\"><a class=\"cmt-sboxsocialbox-icon-link cmt-sboxsocialbox-icon-link-twitter\" target=\"_blank\" href=\"#\" data-tooltip=\"Twitter\"><i class=\"cmt-mrhandy-icon-twitter\"><\/i><\/a><\/div><div class=\"cmt-sboxsocialbox-i-wrapper col-md-20percent col-lg-20percent col-xs-12\"><a class=\"cmt-sboxsocialbox-icon-link cmt-sboxsocialbox-icon-link-instagram\" target=\"_blank\" href=\"#\" data-tooltip=\"Instagram\"><i class=\"cmt-mrhandy-icon-instagram\"><\/i><\/a><\/div><div class=\"cmt-sboxsocialbox-i-wrapper col-md-20percent col-lg-20percent col-xs-12\"><a class=\"cmt-sboxsocialbox-icon-link cmt-sboxsocialbox-icon-link-dribbble\" target=\"_blank\" href=\"#\" data-tooltip=\"Dribbble\"><i class=\"cmt-mrhandy-icon-dribbble\"><\/i><\/a><\/div><div class=\"cmt-sboxsocialbox-i-wrapper col-md-20percent col-lg-20percent col-xs-12\"><a class=\"cmt-sboxsocialbox-icon-link cmt-sboxsocialbox-icon-link-youtube\" target=\"_blank\" href=\"#\" data-tooltip=\"YouTube\"><i class=\"cmt-mrhandy-icon-youtube\"><\/i><\/a><\/div><\/div><!-- .cmt-sboxsocialbox-links-wrapper -->  <\/div>[\/vc_column_inner][\/vc_row_inner][vc_row_inner css=\u00a0\u00bb.vc_custom_1603434760674{padding-top: 25px !important;padding-right: 40px !important;padding-bottom: 25px !important;padding-left: 40px !important;}\u00a0\u00bb][vc_column_inner cmt_bgcolor=\u00a0\u00bbgrey\u00a0\u00bb css=\u00a0\u00bb.vc_custom_1606120340468{padding-top: 40px !important;padding-right: 40px !important;padding-bottom: 50px !important;padding-left: 40px !important;}\u00a0\u00bb cmt_responsive_css=\u00a0\u00bb71262572|colbreak_no|||||||||colbreak_no|||||||50px||colbreak_no||||||||||colbreak_no|||||||||\u00a0\u00bb]<div class=\"cmt-element-heading-wrapper cmt-sboxheading-inner cmt-sboxelement-align-left cmt-seperator-none cmt-sboxheading-style-vertical \"><section class=\"cmt-sboxvc_cta3-container\"><div class=\"cmt-vc_general cmt-sboxvc_cta3 cmt-sboxcta3-only cmt-sboxvc_cta3-style-classic cmt-sboxvc_cta3-shape-rounded cmt-sboxvc_cta3-align-left cmt-sboxvc_cta3-color-transparent cmt-sboxvc_cta3-icon-size-md cmt-sboxvc_cta3-actions-no cmt-sboxcta3-with-desc\"><div class=\"cmt-vc_cta3_content-container\"><div class=\"cmt-vc_cta3-content\"><header class=\"cmt-vc_cta3-content-header cmt-section-wrapper \"><div class=\"cmt-sboxvc_cta3-headers cmt-section-wrapper-cell\"><h2 class=\"cmt-custom-heading \" >Prenez contact avec nous<\/h2>\n<\/div><div class=\"heading-seperator\"><span><\/span><\/div><\/header><div class=\"cmt-sboxcta3-content-wrapper\"><p>Appelez-nous ou envoyez-nous un courriel pour toute question ou probl\u00e8me<\/p><\/div><\/div><\/div><\/div><\/section><\/div> <!-- .cmt-element-heading-wrapper container --> \n<div class=\"wpcf7 no-js\" id=\"wpcf7-f725-o1\" lang=\"en-US\" dir=\"ltr\" data-wpcf7-id=\"725\">\n<div class=\"screen-reader-response\"><p role=\"status\" aria-live=\"polite\" aria-atomic=\"true\"><\/p> <ul><\/ul><\/div>\n<form action=\"\/index.php?rest_route=%2Fwp%2Fv2%2Fpages%2F686#wpcf7-f725-o1\" method=\"post\" class=\"wpcf7-form init\" aria-label=\"Contact form\" novalidate=\"novalidate\" data-status=\"init\">\n<fieldset class=\"hidden-fields-container\"><input type=\"hidden\" name=\"_wpcf7\" value=\"725\" \/><input type=\"hidden\" name=\"_wpcf7_version\" value=\"6.1.4\" \/><input type=\"hidden\" name=\"_wpcf7_locale\" value=\"en_US\" \/><input type=\"hidden\" name=\"_wpcf7_unit_tag\" value=\"wpcf7-f725-o1\" \/><input type=\"hidden\" name=\"_wpcf7_container_post\" value=\"0\" \/><input type=\"hidden\" name=\"_wpcf7_posted_data_hash\" value=\"\" \/>\n<\/fieldset>\n<div class=\"cmt-commonform cmt-contact-clean2\">\n\t<div class=\"row\">\n\t\t<div class=\"col-md-6\">\n\t\t\t<p><span class=\"wpcf7-form-control-wrap\" data-name=\"your-name\"><input size=\"40\" maxlength=\"400\" class=\"wpcf7-form-control wpcf7-text wpcf7-validates-as-required\" aria-required=\"true\" aria-invalid=\"false\" placeholder=\"Nom Pr\u00e9nom\" value=\"\" type=\"text\" name=\"your-name\" \/><\/span>\n\t\t\t<\/p>\n\t\t<\/div>\n\t\t<div class=\"col-md-6\">\n\t\t\t<p><span class=\"wpcf7-form-control-wrap\" data-name=\"your-phone\"><input size=\"40\" maxlength=\"400\" class=\"wpcf7-form-control wpcf7-text wpcf7-validates-as-required\" aria-required=\"true\" aria-invalid=\"false\" placeholder=\"T\u00e9l\u00e9phone\" value=\"\" type=\"text\" name=\"your-phone\" \/><\/span>\n\t\t\t<\/p>\n\t\t<\/div>\n\t<\/div>\n\t<div class=\"row\">\n\t\t<div class=\"col-md-6\">\n\t\t\t<p><span class=\"wpcf7-form-control-wrap\" data-name=\"your-email\"><input size=\"40\" maxlength=\"400\" class=\"wpcf7-form-control wpcf7-email wpcf7-validates-as-required wpcf7-text wpcf7-validates-as-email\" aria-required=\"true\" aria-invalid=\"false\" placeholder=\"Adresse e-mail\" value=\"\" type=\"email\" name=\"your-email\" \/><\/span>\n\t\t\t<\/p>\n\t\t<\/div>\n\t\t<div class=\"col-md-6\">\n\t\t\t<p><span class=\"wpcf7-form-control-wrap\" data-name=\"your-subject\"><input size=\"40\" maxlength=\"400\" class=\"wpcf7-form-control wpcf7-text wpcf7-validates-as-required\" aria-required=\"true\" aria-invalid=\"false\" placeholder=\"Objet\" value=\"\" type=\"text\" name=\"your-subject\" \/><\/span>\n\t\t\t<\/p>\n\t\t<\/div>\n\t<\/div>\n\t<div class=\"row\">\n\t\t<div class=\"col-md-12\">\n\t\t\t<p><span class=\"wpcf7-form-control-wrap\" data-name=\"your-detail\"><textarea cols=\"20\" rows=\"5\" maxlength=\"2000\" class=\"wpcf7-form-control wpcf7-textarea wpcf7-validates-as-required\" aria-required=\"true\" aria-invalid=\"false\" placeholder=\"Votre message\" name=\"your-detail\"><\/textarea><\/span>\n\t\t\t<\/p>\n\t\t<\/div>\n\t<\/div>\n\t<div class=\"row\">\n\t\t<div class=\"col-md-12 cmt-frm-btn\">\n\t\t\t<p><input class=\"wpcf7-form-control wpcf7-submit has-spinner cmt-vc_general cmt-vc_btn3 cmt-vc_btn3-size-md cmt-vc_btn3-shape-rounded cmt-vc_btn3-style-flatclasscmt-vc_btn3-weight-no cmt-vc_btn3-color-skincolor\" type=\"submit\" value=\"Envoyer votre message\" \/>\n\t\t\t<div class=\"wpcf7-response-output\" aria-hidden=\"true\"><\/div>\n\t\t<\/div>\n\t<\/div>\n<\/div>\n<\/form>\n<\/div>\n[\/vc_column_inner][\/vc_row_inner][vc_gmaps link=\u00a0\u00bb#E-8_JTNDaWZyYW1lJTIwc3JjJTNEJTIyaHR0cHMlM0ElMkYlMkZ3d3cuZ29vZ2xlLmNvbSUyRm1hcHMlMkZlbWJlZCUzRnBiJTNEJTIxMW0xOCUyMTFtMTIlMjExbTMlMjExZDI3ODguMzA2OTk0OTQ5NTQ4JTIxMmQwLjE3Nzg1OTgxNTQ0NTU3OSUyMTNkNDUuNjY0NzM3MDI4MDYxMDA1JTIxMm0zJTIxMWYwJTIxMmYwJTIxM2YwJTIxM20yJTIxMWkxMDI0JTIxMmk3NjglMjE0ZjEzLjElMjEzbTMlMjExbTIlMjExczB4NDdmZTMyM2FmMGMwZTg1YiUyNTNBMHhjYjk3YTM1OTI5ODA3YmNlJTIxMnM5JTI1MjBSdWUlMjUyMGRlJTI1MjBsJTI2JTIzMzklM0IlMjVDMyUyNTg5cGFyZ25lJTI1MkMlMjUyMDE2MzQwJTI1MjBMJTI2JTIzMzklM0JJc2xlLWQlMjYlMjMzOSUzQkVzcGFnbmFjJTIxNWUwJTIxM20yJTIxMXNmciUyMTJzZnIlMjE0djE2MjI3MzA2OTI1NjklMjE1bTIlMjExc2ZyJTIxMnNmciUyMiUyMHdpZHRoJTNEJTIyNjAwJTIyJTIwaGVpZ2h0JTNEJTIyNDUwJTIyJTIwc3R5bGUlM0QlMjJib3JkZXIlM0EwJTNCJTIyJTIwYWxsb3dmdWxsc2NyZWVuJTNEJTIyJTIyJTIwbG9hZGluZyUzRCUyMmxhenklMjIlM0UlM0MlMkZpZnJhbWUlM0U=\u00a0\u00bb css=\u00a0\u00bb.vc_custom_1622730706468{margin-bottom: 0px !important;}\u00a0\u00bb][vc_row_inner css=\u00a0\u00bb.vc_custom_1604667284450{padding-top: 37px !important;padding-left: 45px !important;}\u00a0\u00bb el_class=\u00a0\u00bbcmt-col-seprator\u00a0\u00bb cmt_responsive_css=\u00a0\u00bb24399181|colbreak_no|||||||||colbreak_no||||||||15px|colbreak_no||||||||||colbreak_no|||||||||\u00a0\u00bb][vc_column_inner width=\u00a0\u00bb1\/2&Prime;]<div class=\"cymolthemes-iconbox cymolthemes-iconbox-styleeight vc_custom_1633596065922 cymolthemes-iconbox-styleone\">\n\t<div class=\"cymolthemes-iconbox-inner cmt-boxicon-small cmt-iconstyle-boxed cmt-iconcolor-skincolor cmt-iconbgcolor-darkgrey\">\n\t\t<div class=\"cmt-iconbox-wrapper cmt-section-wrapper\">\n\t\t\t<div class=\"cymolthemes-iconbox-icon cmt-section-wrapper-cell\">\n\t\t\t\t<div class=\"cmt-box-icon\"><i class=\"themifyicon ti-email\"><\/i><\/div>\t\n\t\t\t<\/div>\n\t\t\t<div class=\"cymolthemes-iconbox-heading cmt-section-wrapper-cell\">\n\t\t\t\t<div class=\"cmt-vc_general cmt-sboxvc_cta3 cmt-sboxcta3-only cmt-sboxvc_cta3-style-classic cmt-sboxvc_cta3-shape-rounded cmt-sboxvc_cta3-align-left cmt-sboxvc_cta3-color-transparent cmt-sboxvc_cta3-icon-size-md cmt-sboxvc_cta3-actions-no cmt-sboxcta3-without-desc\"><div class=\"cmt-vc_cta3_content-container\"><div class=\"cmt-vc_cta3-content\"><div class=\"cmt-sboxvc_cta3-headers cmt-section-wrapper-cell\"><h2 class=\"cmt-custom-heading \">Adresse e-mail<\/h2>\n<\/div><div class=\"heading-seperator\"><span><\/span><\/div><\/div><\/div><\/div>\t\t\t\t\t<div class=\"cmt-iconbox-boxcontent\">\t\t\t\n\t\t\t\t\t<div class=\"cmt-cta3-content-wrapper\"> contact@atcbernard.fr<\/div>\t\t\t\t\t<\/div>\n\t\t\t\t\t<div class=\"cymolthemes-iconbox-button\">\n\t\t\t\t\t\t\t\t\t\t<\/div>\n\t\t\t<\/div>\t\n\t\t<\/div>\n\t<\/div>\t\n<\/div>\n[\/vc_column_inner][vc_column_inner reduce_extra_padding=\u00a0\u00bb991&Prime; width=\u00a0\u00bb1\/2&Prime; css=\u00a0\u00bb.vc_custom_1604667233245{padding-left: 70px !important;}\u00a0\u00bb]<div class=\"cymolthemes-iconbox cymolthemes-iconbox-styleeight vc_custom_1622730667803 cymolthemes-iconbox-styleone\">\n\t<div class=\"cymolthemes-iconbox-inner cmt-boxicon-small cmt-iconstyle-boxed cmt-iconcolor-skincolor cmt-iconbgcolor-darkgrey\">\n\t\t<div class=\"cmt-iconbox-wrapper cmt-section-wrapper\">\n\t\t\t<div class=\"cymolthemes-iconbox-icon cmt-section-wrapper-cell\">\n\t\t\t\t<div class=\"cmt-box-icon\"><i class=\"themifyicon ti-location-pin\"><\/i><\/div>\t\n\t\t\t<\/div>\n\t\t\t<div class=\"cymolthemes-iconbox-heading cmt-section-wrapper-cell\">\n\t\t\t\t<div class=\"cmt-vc_general cmt-sboxvc_cta3 cmt-sboxcta3-only cmt-sboxvc_cta3-style-classic cmt-sboxvc_cta3-shape-rounded cmt-sboxvc_cta3-align-left cmt-sboxvc_cta3-color-transparent cmt-sboxvc_cta3-icon-size-md cmt-sboxvc_cta3-actions-no cmt-sboxcta3-without-desc\"><div class=\"cmt-vc_cta3_content-container\"><div class=\"cmt-vc_cta3-content\"><div class=\"cmt-sboxvc_cta3-headers cmt-section-wrapper-cell\"><h2 class=\"cmt-custom-heading \">Notre adresse<\/h2>\n<\/div><div class=\"heading-seperator\"><span><\/span><\/div><\/div><\/div><\/div>\t\t\t\t\t<div class=\"cmt-iconbox-boxcontent\">\t\t\t\n\t\t\t\t\t<div class=\"cmt-cta3-content-wrapper\">9 Rue de l&rsquo;\u00c9pargne, 16340 L&rsquo;Isle-d&rsquo;Espagnac<\/div>\t\t\t\t\t<\/div>\n\t\t\t\t\t<div class=\"cymolthemes-iconbox-button\">\n\t\t\t\t\t\t\t\t\t\t<\/div>\n\t\t\t<\/div>\t\n\t\t<\/div>\n\t<\/div>\t\n<\/div>\n[\/vc_column_inner][\/vc_row_inner][vc_message]Nous acceptons les candidatures spontan\u00e9es. N&rsquo;h\u00e9sitez pas \u00e0 nous les faire parvenir en cliquant ici : <a href=\"mailto:contact@atc-bernard.fr\">contact@atcbernard.fr<\/a>[\/vc_message][\/vc_column][\/vc_row][vc_row cmt_bgcolor=\u00a0\u00bbgrey\u00a0\u00bb cmt_bgimagefixed=\u00a0\u00bb\u00a0\u00bb full_width=\u00a0\u00bbstretch_row\u00a0\u00bb css=\u00a0\u00bb.vc_custom_1606821309269{padding-top: 70px !important;padding-bottom: 48px !important;background-image: url(http:\/\/webdevconsulting.fr\/projet1\/wp-content\/uploads\/2020\/11\/project003.jpg?id=245) !important;background-position: center !important;background-repeat: no-repeat !important;background-size: cover !important;}\u00a0\u00bb cmt_responsive_css=\u00a0\u00bb55617485|colbreak_no|||||||||colbreak_no|||||60px||45px||colbreak_no||||||||||colbreak_no|||||||||\u00a0\u00bb][vc_column]<div class=\"cmt-vc_icon_element cmt-vc_icon_element-outer cmt-vc_icon_element-align-center  cmt-vc_icon_element-have-style vc_custom_1606123306310\"><div class=\"cmt-vc_icon_element-inner  cmt-vc_icon_element-have-style-inner cmt-vc_icon_element-color-black cmt-vc_icon_element-size-lg cmt-vc_icon_element-style-rounded-outline cmt-vc_icon_element-outline cmt-vc_icon_element-background-color-black\" ><span class=\"cmt-vc_icon_element-icon themifyicon ti-headphone-alt\" ><\/span><a class=\"cmt-vc_icon_element-link\" href=\"tel:+12345678900\" title=\"\" target=\"_self\"><\/a><\/div><\/div><h2 style=\"text-align:center;font-size:40px;line-height:50px;\" class=\"cmt-custom-heading \" >Appelez-nous au : 05 45 65 41 49<\/h2>\n<p style=\"text-align:center;font-size:18px;\" class=\"cmt-custom-heading \" >Addresse : 9 Rue de l'\u00c9pargne, 16340 L'Isle-d'Espagnac<\/p>\n[\/vc_column][\/vc_row][vc_row][vc_column][\/vc_column][\/vc_row]<\/p>\n","protected":false},"excerpt":{"rendered":"<p>[vc_row cmt_bgimagefixed=\u00a0\u00bb\u00a0\u00bb break_in_responsive=\u00a0\u00bb991&Prime; full_width=\u00a0\u00bbstretch_row\u00a0\u00bb css=\u00a0\u00bb.vc_custom_1606119337806{padding-top: 216px !important;padding-bottom: 90px !important;}\u00a0\u00bb cmt_responsive_css=\u00a0\u00bb17622754|colbreak_no|||||||||colbreak_no|||||50px||50px||colbreak_no||||||||||colbreak_no|||||||||\u00a0\u00bb][vc_column reduce_extra_padding=\u00a0\u00bb991&Prime; cmt_shadow=\u00a0\u00bbyes\u00a0\u00bb css=\u00a0\u00bb.vc_custom_1604667109002{padding-right: 0px !important;}\u00a0\u00bb][vc_single_image image=\u00a0\u00bb1921&Prime; img_size=\u00a0\u00bbfull\u00a0\u00bb alignment=\u00a0\u00bbcenter\u00a0\u00bb][vc_row_inner cmt_responsive_css=\u00a0\u00bb23434331|colbreak_no|||||||||colbreak_no||0px||0px|||||colbreak_no||||||||||colbreak_no|||||||||\u00a0\u00bb][vc_column_inner css=\u00a0\u00bb.vc_custom_1606202365173{padding-top: 40px !important;padding-bottom: 15px !important;}\u00a0\u00bb cmt_responsive_css=\u00a0\u00bb34184978|colbreak_no|||||||||colbreak_no||||||||30px|colbreak_no||||||||||colbreak_no|||||||||\u00a0\u00bb][\/vc_column_inner][\/vc_row_inner][vc_row_inner css=\u00a0\u00bb.vc_custom_1603434760674{padding-top: 25px !important;padding-right: 40px !important;padding-bottom: 25px !important;padding-left: 40px !important;}\u00a0\u00bb][vc_column_inner cmt_bgcolor=\u00a0\u00bbgrey\u00a0\u00bb css=\u00a0\u00bb.vc_custom_1606120340468{padding-top: 40px !important;padding-right: 40px !important;padding-bottom: 50px !important;padding-left: 40px !important;}\u00a0\u00bb cmt_responsive_css=\u00a0\u00bb71262572|colbreak_no|||||||||colbreak_no|||||||50px||colbreak_no||||||||||colbreak_no|||||||||\u00a0\u00bb][\/vc_column_inner][\/vc_row_inner][vc_gmaps link=\u00a0\u00bb#E-8_JTNDaWZyYW1lJTIwc3JjJTNEJTIyaHR0cHMlM0ElMkYlMkZ3d3cuZ29vZ2xlLmNvbSUyRm1hcHMlMkZlbWJlZCUzRnBiJTNEJTIxMW0xOCUyMTFtMTIlMjExbTMlMjExZDI3ODguMzA2OTk0OTQ5NTQ4JTIxMmQwLjE3Nzg1OTgxNTQ0NTU3OSUyMTNkNDUuNjY0NzM3MDI4MDYxMDA1JTIxMm0zJTIxMWYwJTIxMmYwJTIxM2YwJTIxM20yJTIxMWkxMDI0JTIxMmk3NjglMjE0ZjEzLjElMjEzbTMlMjExbTIlMjExczB4NDdmZTMyM2FmMGMwZTg1YiUyNTNBMHhjYjk3YTM1OTI5ODA3YmNlJTIxMnM5JTI1MjBSdWUlMjUyMGRlJTI1MjBsJTI2JTIzMzklM0IlMjVDMyUyNTg5cGFyZ25lJTI1MkMlMjUyMDE2MzQwJTI1MjBMJTI2JTIzMzklM0JJc2xlLWQlMjYlMjMzOSUzQkVzcGFnbmFjJTIxNWUwJTIxM20yJTIxMXNmciUyMTJzZnIlMjE0djE2MjI3MzA2OTI1NjklMjE1bTIlMjExc2ZyJTIxMnNmciUyMiUyMHdpZHRoJTNEJTIyNjAwJTIyJTIwaGVpZ2h0JTNEJTIyNDUwJTIyJTIwc3R5bGUlM0QlMjJib3JkZXIlM0EwJTNCJTIyJTIwYWxsb3dmdWxsc2NyZWVuJTNEJTIyJTIyJTIwbG9hZGluZyUzRCUyMmxhenklMjIlM0UlM0MlMkZpZnJhbWUlM0U=\u00a0\u00bb css=\u00a0\u00bb.vc_custom_1622730706468{margin-bottom: 0px !important;}\u00a0\u00bb][vc_row_inner css=\u00a0\u00bb.vc_custom_1604667284450{padding-top: 37px !important;padding-left: 45px !important;}\u00a0\u00bb el_class=\u00a0\u00bbcmt-col-seprator\u00a0\u00bb &hellip; <a href=\"https:\/\/atcbernard.fr\/?page_id=686\" class=\"more-link\">Continue reading <span class=\"screen-reader-text\">Nous contacter<\/span><\/a><\/p>\n","protected":false},"author":1,"featured_media":0,"parent":0,"menu_order":0,"comment_status":"closed","ping_status":"closed","template":"","meta":{"footnotes":""},"class_list":["post-686","page","type-page","status-publish","hentry"],"yoast_head":"<!-- This site is optimized with the Yoast SEO plugin v26.6 - https:\/\/yoast.com\/wordpress\/plugins\/seo\/ -->\n<title>Contact chauffagiste Angoul\u00eame - Nous contacter - ATC-Bernard<\/title>\n<meta name=\"description\" content=\"A la recherche d&#039;un chauffagiste : Contact ATC Bernard pour toute question concernant votre installation de chauffage autour d&#039;Angoul\u00eame.\" \/>\n<meta name=\"robots\" content=\"index, follow, max-snippet:-1, max-image-preview:large, max-video-preview:-1\" \/>\n<link rel=\"canonical\" href=\"https:\/\/atcbernard.fr\/?page_id=686\" \/>\n<meta property=\"og:locale\" content=\"fr_FR\" \/>\n<meta property=\"og:type\" content=\"article\" \/>\n<meta property=\"og:title\" content=\"Contact chauffagiste Angoul\u00eame - Nous contacter - ATC-Bernard\" \/>\n<meta property=\"og:description\" content=\"A la recherche d&#039;un chauffagiste : Contact ATC Bernard pour toute question concernant votre installation de chauffage autour d&#039;Angoul\u00eame.\" \/>\n<meta property=\"og:url\" content=\"https:\/\/atcbernard.fr\/?page_id=686\" \/>\n<meta property=\"og:site_name\" content=\"ATC-Bernard\" \/>\n<meta property=\"article:modified_time\" content=\"2025-12-18T12:21:44+00:00\" \/>\n<meta name=\"twitter:card\" content=\"summary_large_image\" \/>\n<meta name=\"twitter:label1\" content=\"Dur\u00e9e de lecture estim\u00e9e\" \/>\n\t<meta name=\"twitter:data1\" content=\"2 minutes\" \/>\n<script type=\"application\/ld+json\" class=\"yoast-schema-graph\">{\"@context\":\"https:\/\/schema.org\",\"@graph\":[{\"@type\":\"WebPage\",\"@id\":\"https:\/\/atcbernard.fr\/?page_id=686\",\"url\":\"https:\/\/atcbernard.fr\/?page_id=686\",\"name\":\"Contact chauffagiste Angoul\u00eame - Nous contacter - ATC-Bernard\",\"isPartOf\":{\"@id\":\"https:\/\/atcbernard.fr\/#website\"},\"datePublished\":\"2020-10-23T05:53:56+00:00\",\"dateModified\":\"2025-12-18T12:21:44+00:00\",\"description\":\"A la recherche d'un chauffagiste : Contact ATC Bernard pour toute question concernant votre installation de chauffage autour d'Angoul\u00eame.\",\"breadcrumb\":{\"@id\":\"https:\/\/atcbernard.fr\/?page_id=686#breadcrumb\"},\"inLanguage\":\"fr-FR\",\"potentialAction\":[{\"@type\":\"ReadAction\",\"target\":[\"https:\/\/atcbernard.fr\/?page_id=686\"]}]},{\"@type\":\"BreadcrumbList\",\"@id\":\"https:\/\/atcbernard.fr\/?page_id=686#breadcrumb\",\"itemListElement\":[{\"@type\":\"ListItem\",\"position\":1,\"name\":\"Accueil\",\"item\":\"https:\/\/atcbernard.fr\/\"},{\"@type\":\"ListItem\",\"position\":2,\"name\":\"Nous contacter\"}]},{\"@type\":\"WebSite\",\"@id\":\"https:\/\/atcbernard.fr\/#website\",\"url\":\"https:\/\/atcbernard.fr\/\",\"name\":\"ATC-Bernard\",\"description\":\"Votre professionnel\",\"potentialAction\":[{\"@type\":\"SearchAction\",\"target\":{\"@type\":\"EntryPoint\",\"urlTemplate\":\"https:\/\/atcbernard.fr\/?s={search_term_string}\"},\"query-input\":{\"@type\":\"PropertyValueSpecification\",\"valueRequired\":true,\"valueName\":\"search_term_string\"}}],\"inLanguage\":\"fr-FR\"}]}<\/script>\n<!-- \/ Yoast SEO plugin. -->","yoast_head_json":{"title":"Contact chauffagiste Angoul\u00eame - Nous contacter - ATC-Bernard","description":"A la recherche d'un chauffagiste : Contact ATC Bernard pour toute question concernant votre installation de chauffage autour d'Angoul\u00eame.","robots":{"index":"index","follow":"follow","max-snippet":"max-snippet:-1","max-image-preview":"max-image-preview:large","max-video-preview":"max-video-preview:-1"},"canonical":"https:\/\/atcbernard.fr\/?page_id=686","og_locale":"fr_FR","og_type":"article","og_title":"Contact chauffagiste Angoul\u00eame - Nous contacter - ATC-Bernard","og_description":"A la recherche d'un chauffagiste : Contact ATC Bernard pour toute question concernant votre installation de chauffage autour d'Angoul\u00eame.","og_url":"https:\/\/atcbernard.fr\/?page_id=686","og_site_name":"ATC-Bernard","article_modified_time":"2025-12-18T12:21:44+00:00","twitter_card":"summary_large_image","twitter_misc":{"Dur\u00e9e de lecture estim\u00e9e":"2 minutes"},"schema":{"@context":"https:\/\/schema.org","@graph":[{"@type":"WebPage","@id":"https:\/\/atcbernard.fr\/?page_id=686","url":"https:\/\/atcbernard.fr\/?page_id=686","name":"Contact chauffagiste Angoul\u00eame - Nous contacter - ATC-Bernard","isPartOf":{"@id":"https:\/\/atcbernard.fr\/#website"},"datePublished":"2020-10-23T05:53:56+00:00","dateModified":"2025-12-18T12:21:44+00:00","description":"A la recherche d'un chauffagiste : Contact ATC Bernard pour toute question concernant votre installation de chauffage autour d'Angoul\u00eame.","breadcrumb":{"@id":"https:\/\/atcbernard.fr\/?page_id=686#breadcrumb"},"inLanguage":"fr-FR","potentialAction":[{"@type":"ReadAction","target":["https:\/\/atcbernard.fr\/?page_id=686"]}]},{"@type":"BreadcrumbList","@id":"https:\/\/atcbernard.fr\/?page_id=686#breadcrumb","itemListElement":[{"@type":"ListItem","position":1,"name":"Accueil","item":"https:\/\/atcbernard.fr\/"},{"@type":"ListItem","position":2,"name":"Nous contacter"}]},{"@type":"WebSite","@id":"https:\/\/atcbernard.fr\/#website","url":"https:\/\/atcbernard.fr\/","name":"ATC-Bernard","description":"Votre professionnel","potentialAction":[{"@type":"SearchAction","target":{"@type":"EntryPoint","urlTemplate":"https:\/\/atcbernard.fr\/?s={search_term_string}"},"query-input":{"@type":"PropertyValueSpecification","valueRequired":true,"valueName":"search_term_string"}}],"inLanguage":"fr-FR"}]}},"_links":{"self":[{"href":"https:\/\/atcbernard.fr\/index.php?rest_route=\/wp\/v2\/pages\/686","targetHints":{"allow":["GET"]}}],"collection":[{"href":"https:\/\/atcbernard.fr\/index.php?rest_route=\/wp\/v2\/pages"}],"about":[{"href":"https:\/\/atcbernard.fr\/index.php?rest_route=\/wp\/v2\/types\/page"}],"author":[{"embeddable":true,"href":"https:\/\/atcbernard.fr\/index.php?rest_route=\/wp\/v2\/users\/1"}],"replies":[{"embeddable":true,"href":"https:\/\/atcbernard.fr\/index.php?rest_route=%2Fwp%2Fv2%2Fcomments&post=686"}],"version-history":[{"count":21,"href":"https:\/\/atcbernard.fr\/index.php?rest_route=\/wp\/v2\/pages\/686\/revisions"}],"predecessor-version":[{"id":2395,"href":"https:\/\/atcbernard.fr\/index.php?rest_route=\/wp\/v2\/pages\/686\/revisions\/2395"}],"wp:attachment":[{"href":"https:\/\/atcbernard.fr\/index.php?rest_route=%2Fwp%2Fv2%2Fmedia&parent=686"}],"curies":[{"name":"wp","href":"https:\/\/api.w.org\/{rel}","templated":true}]}}